{"id":65,"date":"2024-01-09T00:37:18","date_gmt":"2024-01-08T23:37:18","guid":{"rendered":"https:\/\/lapetitemaisondegiverny.com\/?page_id=65"},"modified":"2024-01-11T22:05:48","modified_gmt":"2024-01-11T21:05:48","slug":"mentions-legales","status":"publish","type":"page","link":"https:\/\/lapetitemaisondegiverny.com\/index.php\/mentions-legales\/","title":{"rendered":"Mentions l\u00e9gales"},"content":{"rendered":"\t\t<div data-elementor-type=\"wp-page\" data-elementor-id=\"65\" class=\"elementor elementor-65\" data-elementor-post-type=\"page\">\n\t\t\t\t<div class=\"elementor-element elementor-element-fad4a8e e-flex e-con-boxed e-con e-parent\" data-id=\"fad4a8e\" data-element_type=\"container\" data-e-type=\"container\" data-settings=\"{&quot;background_background&quot;:&quot;classic&quot;}\">\n\t\t\t\t\t<div class=\"e-con-inner\">\n\t\t\t\t<div class=\"elementor-element elementor-element-0ad3dd0 elementor-widget elementor-widget-heading\" data-id=\"0ad3dd0\" data-element_type=\"widget\" data-e-type=\"widget\" data-widget_type=\"heading.default\">\n\t\t\t\t<div class=\"elementor-widget-container\">\n\t\t\t\t\t<h1 class=\"elementor-heading-title elementor-size-default\">Mentions l\u00e9gales.<\/h1>\t\t\t\t<\/div>\n\t\t\t\t<\/div>\n\t\t\t\t\t<\/div>\n\t\t\t\t<\/div>\n\t\t<div class=\"elementor-element elementor-element-a0287d7 e-flex e-con-boxed e-con e-parent\" data-id=\"a0287d7\" data-element_type=\"container\" data-e-type=\"container\">\n\t\t\t\t\t<div class=\"e-con-inner\">\n\t\t\t\t<div class=\"elementor-element elementor-element-592bdbd elementor-widget elementor-widget-text-editor\" data-id=\"592bdbd\" data-element_type=\"widget\" data-e-type=\"widget\" data-widget_type=\"text-editor.default\">\n\t\t\t\t<div class=\"elementor-widget-container\">\n\t\t\t\t\t\t\t\t\t<p><span style=\"color: #000000;\"><strong>**1. \u00c9diteur du Site :**<\/strong><\/span><\/p><p><span style=\"color: #000000;\">Nom de l&rsquo;entreprise : La Petite Maison de Giverny<\/span><br \/><span style=\"color: #000000;\">Adresse :\u00a0 30 Rue du Milieu, GIVERNY, 27620, France<\/span><br \/><span style=\"color: #000000;\">T\u00e9l\u00e9phone : <a href=\"tel:0000000\">+33 663 744569<\/a><\/span><br \/><span style=\"color: #000000;\">E-mail : petitemaisongiverny@gmail.Com<\/span><br \/><span style=\"color: #000000;\">Repr\u00e9sentant l\u00e9gal : Hugues Lamiraux<\/span><br \/><span style=\"color: #000000;\">Directeur de la publication : Hugues Lamiraux<\/span><\/p><p><strong><span style=\"color: #000000;\">**2. H\u00e9bergement :**<\/span><\/strong><br \/><span style=\"color: #000000;\">Le site lapetitemaisondegiverny.com est h\u00e9berg\u00e9 par :<\/span><br \/><span style=\"color: #000000;\">Nom de l&rsquo;h\u00e9bergeur : Hostinger<\/span><br \/><span style=\"color: #000000;\">Adresse : Kaunas,Lituanie\u00a0UAB<\/span><\/p><p><span style=\"color: #000000;\">Jonavos g. 60C, 44192<\/span><\/p><p><strong><span style=\"color: #000000;\">**3. Propri\u00e9t\u00e9 intellectuelle :**<\/span><\/strong><br \/><span style=\"color: #000000;\">Tous les contenus pr\u00e9sents sur le site lapetitemaisondegiverny.com, incluant les textes, images, graphismes, logos, vid\u00e9os, ic\u00f4nes et sons, sont la propri\u00e9t\u00e9 exclusive de l&rsquo;entreprise La Petite Maison de Giverny, sauf mentions contraires. Toute reproduction, repr\u00e9sentation, modification, publication, adaptation de tout ou partie des \u00e9l\u00e9ments du site, quel que soit le moyen ou le proc\u00e9d\u00e9 utilis\u00e9, est interdite, sauf autorisation \u00e9crite pr\u00e9alable.<\/span><\/p><p><strong><span style=\"color: #000000;\">**4. Donn\u00e9es personnelles :**<\/span><\/strong><br \/><span style=\"color: #000000;\">Le site peut collecter des donn\u00e9es personnelles relatives \u00e0 l&rsquo;utilisateur, notamment lors de l&rsquo;utilisation de formulaires de contact ou lors de la r\u00e9servation en ligne. Conform\u00e9ment \u00e0 la r\u00e9glementation en vigueur, l&rsquo;utilisateur dispose d&rsquo;un droit d&rsquo;acc\u00e8s, de rectification, de suppression et d&rsquo;opposition aux donn\u00e9es personnelles le concernant. Pour exercer ces droits, l&rsquo;utilisateur doit adresser sa demande \u00e0 l&rsquo;adresse e-mail ou postale de l&rsquo;\u00e9diteur du site, en indiquant son nom, pr\u00e9nom, adresse et e-mail.<\/span><\/p><p><strong><span style=\"color: #000000;\">**5. Cookies :**<\/span><\/strong><br \/><span style=\"color: #000000;\">Le site lapetitemaisondegiverny.com peut utiliser des \u00ab\u00a0cookies\u00a0\u00bb permettant d&rsquo;am\u00e9liorer l&rsquo;exp\u00e9rience utilisateur et d&rsquo;offrir des services personnalis\u00e9s. L&rsquo;utilisateur peut configurer son navigateur pour refuser les cookies, sachant que cela peut perturber l&rsquo;utilisation du site.<\/span><\/p><p><strong><span style=\"color: #000000;\">**6. Responsabilit\u00e9 :**<\/span><\/strong><br \/><span style=\"color: #000000;\">La Petite Maison de Giverny ne saurait \u00eatre tenue responsable des dommages directs ou indirects caus\u00e9s au mat\u00e9riel de l&rsquo;utilisateur, lors de l&rsquo;acc\u00e8s au site lapetitemaisondegiverny.com. Des informations fiables et mises \u00e0 jour sont fournies sur le site, toutefois, des erreurs ou omissions peuvent survenir.<\/span><\/p><p><span style=\"color: #000000;\">**7. Droit applicable et attribution de juridiction :**<\/span><br \/><span style=\"color: #000000;\">Tout litige en relation avec l&rsquo;utilisation du site lapetitemaisondegiverny.com est soumis au droit fran\u00e7ais. Il est fait attribution exclusive de juridiction aux tribunaux comp\u00e9tents.<\/span><\/p><p><span style=\"color: #000000;\">&#8212;<\/span><\/p>\t\t\t\t\t\t\t\t<\/div>\n\t\t\t\t<\/div>\n\t\t\t\t\t<\/div>\n\t\t\t\t<\/div>\n\t\t\t\t<\/div>\n\t\t","protected":false},"excerpt":{"rendered":"<p>Mentions l\u00e9gales. **1. \u00c9diteur du Site :** Nom de l&rsquo;entreprise : La Petite Maison de GivernyAdresse :\u00a0 30 Rue du [&hellip;]<\/p>\n","protected":false},"author":1,"featured_media":0,"parent":0,"menu_order":0,"comment_status":"closed","ping_status":"closed","template":"","meta":{"_uag_custom_page_level_css":"","site-sidebar-layout":"no-sidebar","site-content-layout":"","ast-site-content-layout":"full-width-container","site-content-style":"default","site-sidebar-style":"default","ast-global-header-display":"","ast-banner-title-visibility":"","ast-main-header-display":"","ast-hfb-above-header-display":"","ast-hfb-below-header-display":"","ast-hfb-mobile-header-display":"","site-post-title":"disabled","ast-breadcrumbs-content":"","ast-featured-img":"disabled","footer-sml-layout":"","ast-disable-related-posts":"","theme-transparent-header-meta":"","adv-header-id-meta":"","stick-header-meta":"","header-above-stick-meta":"","header-main-stick-meta":"","header-below-stick-meta":"","astra-migrate-meta-layouts":"default","ast-page-background-enabled":"default","ast-page-background-meta":{"desktop":{"background-color":"var(--ast-global-color-4)","background-image":"","background-repeat":"repeat","background-position":"center center","background-size":"auto","background-attachment":"scroll","background-type":"","background-media":"","overlay-type":"","overlay-color":"","overlay-opacity":"","overlay-gradient":""},"tablet":{"background-color":"","background-image":"","background-repeat":"repeat","background-position":"center center","background-size":"auto","background-attachment":"scroll","background-type":"","background-media":"","overlay-type":"","overlay-color":"","overlay-opacity":"","overlay-gradient":""},"mobile":{"background-color":"","background-image":"","background-repeat":"repeat","background-position":"center center","background-size":"auto","background-attachment":"scroll","background-type":"","background-media":"","overlay-type":"","overlay-color":"","overlay-opacity":"","overlay-gradient":""}},"ast-content-background-meta":{"desktop":{"background-color":"var(--ast-global-color-5)","background-image":"","background-repeat":"repeat","background-position":"center center","background-size":"auto","background-attachment":"scroll","background-type":"","background-media":"","overlay-type":"","overlay-color":"","overlay-opacity":"","overlay-gradient":""},"tablet":{"background-color":"var(--ast-global-color-5)","background-image":"","background-repeat":"repeat","background-position":"center center","background-size":"auto","background-attachment":"scroll","background-type":"","background-media":"","overlay-type":"","overlay-color":"","overlay-opacity":"","overlay-gradient":""},"mobile":{"background-color":"var(--ast-global-color-5)","background-image":"","background-repeat":"repeat","background-position":"center center","background-size":"auto","background-attachment":"scroll","background-type":"","background-media":"","overlay-type":"","overlay-color":"","overlay-opacity":"","overlay-gradient":""}},"footnotes":""},"class_list":["post-65","page","type-page","status-publish","hentry"],"uagb_featured_image_src":{"full":false,"thumbnail":false,"medium":false,"medium_large":false,"large":false,"1536x1536":false,"2048x2048":false},"uagb_author_info":{"display_name":"lapetitemaisondegiverny.com","author_link":"https:\/\/lapetitemaisondegiverny.com\/author\/lapetitemaisondegiverny-com\/"},"uagb_comment_info":0,"uagb_excerpt":"Mentions l\u00e9gales. **1. \u00c9diteur du Site :** Nom de l&rsquo;entreprise : La Petite Maison de GivernyAdresse :\u00a0 30 Rue du [&hellip;]","_links":{"self":[{"href":"https:\/\/lapetitemaisondegiverny.com\/index.php\/wp-json\/wp\/v2\/pages\/65","targetHints":{"allow":["GET"]}}],"collection":[{"href":"https:\/\/lapetitemaisondegiverny.com\/index.php\/wp-json\/wp\/v2\/pages"}],"about":[{"href":"https:\/\/lapetitemaisondegiverny.com\/index.php\/wp-json\/wp\/v2\/types\/page"}],"author":[{"embeddable":true,"href":"https:\/\/lapetitemaisondegiverny.com\/index.php\/wp-json\/wp\/v2\/users\/1"}],"replies":[{"embeddable":true,"href":"https:\/\/lapetitemaisondegiverny.com\/index.php\/wp-json\/wp\/v2\/comments?post=65"}],"version-history":[{"count":7,"href":"https:\/\/lapetitemaisondegiverny.com\/index.php\/wp-json\/wp\/v2\/pages\/65\/revisions"}],"predecessor-version":[{"id":201,"href":"https:\/\/lapetitemaisondegiverny.com\/index.php\/wp-json\/wp\/v2\/pages\/65\/revisions\/201"}],"wp:attachment":[{"href":"https:\/\/lapetitemaisondegiverny.com\/index.php\/wp-json\/wp\/v2\/media?parent=65"}],"curies":[{"name":"wp","href":"https:\/\/api.w.org\/{rel}","templated":true}]}}