{"id":534,"date":"2024-02-11T09:11:25","date_gmt":"2024-02-11T08:11:25","guid":{"rendered":"https:\/\/lapetitemaisondegiverny.com\/?page_id=534"},"modified":"2024-04-02T14:24:49","modified_gmt":"2024-04-02T12:24:49","slug":"commerces","status":"publish","type":"page","link":"https:\/\/lapetitemaisondegiverny.com\/index.php\/commerces\/","title":{"rendered":"Commerces"},"content":{"rendered":"\t\t<div data-elementor-type=\"wp-page\" data-elementor-id=\"534\" class=\"elementor elementor-534\" data-elementor-post-type=\"page\">\n\t\t\t\t<div class=\"elementor-element elementor-element-40b745c e-flex e-con-boxed e-con e-parent\" data-id=\"40b745c\" data-element_type=\"container\" data-e-type=\"container\">\n\t\t\t\t\t<div class=\"e-con-inner\">\n\t\t\t\t<div class=\"elementor-element elementor-element-f71844a elementor-widget elementor-widget-spacer\" data-id=\"f71844a\" data-element_type=\"widget\" data-e-type=\"widget\" data-widget_type=\"spacer.default\">\n\t\t\t\t<div class=\"elementor-widget-container\">\n\t\t\t\t\t\t\t<div class=\"elementor-spacer\">\n\t\t\t<div class=\"elementor-spacer-inner\"><\/div>\n\t\t<\/div>\n\t\t\t\t\t\t<\/div>\n\t\t\t\t<\/div>\n\t\t\t\t\t<\/div>\n\t\t\t\t<\/div>\n\t\t<div class=\"elementor-element elementor-element-ed53987 e-flex e-con-boxed e-con e-parent\" data-id=\"ed53987\" data-element_type=\"container\" data-e-type=\"container\">\n\t\t\t\t\t<div class=\"e-con-inner\">\n\t\t\t\t<div class=\"elementor-element elementor-element-7867896 elementor-widget elementor-widget-heading\" data-id=\"7867896\" data-element_type=\"widget\" data-e-type=\"widget\" data-widget_type=\"heading.default\">\n\t\t\t\t<div class=\"elementor-widget-container\">\n\t\t\t\t\t<h2 class=\"elementor-heading-title elementor-size-default\">Les Commerces aux alentours.<\/h2>\t\t\t\t<\/div>\n\t\t\t\t<\/div>\n\t\t\t\t\t<\/div>\n\t\t\t\t<\/div>\n\t\t<div class=\"elementor-element elementor-element-674a59f e-flex e-con-boxed e-con e-parent\" data-id=\"674a59f\" data-element_type=\"container\" data-e-type=\"container\">\n\t\t\t\t\t<div class=\"e-con-inner\">\n\t\t\t\t<div class=\"elementor-element elementor-element-b3e7699 elementor-widget-divider--view-line elementor-widget elementor-widget-divider\" data-id=\"b3e7699\" data-element_type=\"widget\" data-e-type=\"widget\" data-widget_type=\"divider.default\">\n\t\t\t\t<div class=\"elementor-widget-container\">\n\t\t\t\t\t\t\t<div class=\"elementor-divider\">\n\t\t\t<span class=\"elementor-divider-separator\">\n\t\t\t\t\t\t<\/span>\n\t\t<\/div>\n\t\t\t\t\t\t<\/div>\n\t\t\t\t<\/div>\n\t\t\t\t\t<\/div>\n\t\t\t\t<\/div>\n\t\t<div class=\"elementor-element elementor-element-ab757e7 e-flex e-con-boxed e-con e-parent\" data-id=\"ab757e7\" data-element_type=\"container\" data-e-type=\"container\">\n\t\t\t\t\t<div class=\"e-con-inner\">\n\t\t\t\t<div class=\"elementor-element elementor-element-e5d097c elementor-widget elementor-widget-text-editor\" data-id=\"e5d097c\" data-element_type=\"widget\" data-e-type=\"widget\" data-widget_type=\"text-editor.default\">\n\t\t\t\t<div class=\"elementor-widget-container\">\n\t\t\t\t\t\t\t\t\t<p>Vernon \u00e9tant une ville dynamique avec ces 250 commer\u00e7ants vous trouverez ici une liste de tous les commerces \u00e0 proximit\u00e9 du g\u00eete afin que vous ne manquiez de rien pendant votre s\u00e9jour.<\/p><ul><li><strong>Boucherie de la place<\/strong>.\u00a0<\/li><li><strong>Traiteur chez Collot.<\/strong><\/li><li><strong>Monoprix: Place du march\u00e9<\/strong><\/li><li><strong>Leclerc Vernon.<\/strong><\/li><li><strong>Cave \u00e0 Vin.<\/strong><\/li><li><strong>Fromagerie Priet<\/strong><\/li><li><strong>Reynald<\/strong> P\u00e2tissier chocolatier.<\/li><li><strong>Salon de coiffure<\/strong> Camille Albane<\/li><li><strong>Centre esth\u00e9tique<\/strong> le 27 rue Saint Jaques<\/li><li><strong>Boutiques de mode<\/strong> Best off et La Fripe<\/li><li>Tous les mercredis et samedis matin: <strong>Le march\u00e9 de Vernon<\/strong><\/li><\/ul><p>En dehors de Vernon vous avez aussi acc\u00e8s au <strong>Supermarch\u00e9 Intermarch\u00e9 de Gasny<\/strong> qui se situe \u00e0 5 minutes et qui est ouvert le dimanche Matin<\/p>\t\t\t\t\t\t\t\t<\/div>\n\t\t\t\t<\/div>\n\t\t\t\t\t<\/div>\n\t\t\t\t<\/div>\n\t\t<div class=\"elementor-element elementor-element-cf6f0a8 e-flex e-con-boxed e-con e-parent\" data-id=\"cf6f0a8\" data-element_type=\"container\" data-e-type=\"container\">\n\t\t\t\t\t<div class=\"e-con-inner\">\n\t\t\t\t<div class=\"elementor-element elementor-element-81b6437 elementor-widget-divider--view-line elementor-widget elementor-widget-divider\" data-id=\"81b6437\" data-element_type=\"widget\" data-e-type=\"widget\" data-widget_type=\"divider.default\">\n\t\t\t\t<div class=\"elementor-widget-container\">\n\t\t\t\t\t\t\t<div class=\"elementor-divider\">\n\t\t\t<span class=\"elementor-divider-separator\">\n\t\t\t\t\t\t<\/span>\n\t\t<\/div>\n\t\t\t\t\t\t<\/div>\n\t\t\t\t<\/div>\n\t\t\t\t\t<\/div>\n\t\t\t\t<\/div>\n\t\t\t\t<\/div>\n\t\t","protected":false},"excerpt":{"rendered":"<p>Les Commerces aux alentours. Vernon \u00e9tant une ville dynamique avec ces 250 commer\u00e7ants vous trouverez ici une liste de tous [&hellip;]<\/p>\n","protected":false},"author":1,"featured_media":0,"parent":0,"menu_order":0,"comment_status":"closed","ping_status":"closed","template":"","meta":{"_uag_custom_page_level_css":"","site-sidebar-layout":"no-sidebar","site-content-layout":"","ast-site-content-layout":"full-width-container","site-content-style":"default","site-sidebar-style":"default","ast-global-header-display":"","ast-banner-title-visibility":"","ast-main-header-display":"","ast-hfb-above-header-display":"","ast-hfb-below-header-display":"","ast-hfb-mobile-header-display":"","site-post-title":"disabled","ast-breadcrumbs-content":"","ast-featured-img":"disabled","footer-sml-layout":"","ast-disable-related-posts":"","theme-transparent-header-meta":"","adv-header-id-meta":"","stick-header-meta":"","header-above-stick-meta":"","header-main-stick-meta":"","header-below-stick-meta":"","astra-migrate-meta-layouts":"default","ast-page-background-enabled":"default","ast-page-background-meta":{"desktop":{"background-color":"var(--ast-global-color-4)","background-image":"","background-repeat":"repeat","background-position":"center center","background-size":"auto","background-attachment":"scroll","background-type":"","background-media":"","overlay-type":"","overlay-color":"","overlay-opacity":"","overlay-gradient":""},"tablet":{"background-color":"","background-image":"","background-repeat":"repeat","background-position":"center center","background-size":"auto","background-attachment":"scroll","background-type":"","background-media":"","overlay-type":"","overlay-color":"","overlay-opacity":"","overlay-gradient":""},"mobile":{"background-color":"","background-image":"","background-repeat":"repeat","background-position":"center center","background-size":"auto","background-attachment":"scroll","background-type":"","background-media":"","overlay-type":"","overlay-color":"","overlay-opacity":"","overlay-gradient":""}},"ast-content-background-meta":{"desktop":{"background-color":"var(--ast-global-color-5)","background-image":"","background-repeat":"repeat","background-position":"center center","background-size":"auto","background-attachment":"scroll","background-type":"","background-media":"","overlay-type":"","overlay-color":"","overlay-opacity":"","overlay-gradient":""},"tablet":{"background-color":"var(--ast-global-color-5)","background-image":"","background-repeat":"repeat","background-position":"center center","background-size":"auto","background-attachment":"scroll","background-type":"","background-media":"","overlay-type":"","overlay-color":"","overlay-opacity":"","overlay-gradient":""},"mobile":{"background-color":"var(--ast-global-color-5)","background-image":"","background-repeat":"repeat","background-position":"center center","background-size":"auto","background-attachment":"scroll","background-type":"","background-media":"","overlay-type":"","overlay-color":"","overlay-opacity":"","overlay-gradient":""}},"footnotes":""},"class_list":["post-534","page","type-page","status-publish","hentry"],"uagb_featured_image_src":{"full":false,"thumbnail":false,"medium":false,"medium_large":false,"large":false,"1536x1536":false,"2048x2048":false},"uagb_author_info":{"display_name":"lapetitemaisondegiverny.com","author_link":"https:\/\/lapetitemaisondegiverny.com\/author\/lapetitemaisondegiverny-com\/"},"uagb_comment_info":0,"uagb_excerpt":"Les Commerces aux alentours. Vernon \u00e9tant une ville dynamique avec ces 250 commer\u00e7ants vous trouverez ici une liste de tous [&hellip;]","_links":{"self":[{"href":"https:\/\/lapetitemaisondegiverny.com\/index.php\/wp-json\/wp\/v2\/pages\/534","targetHints":{"allow":["GET"]}}],"collection":[{"href":"https:\/\/lapetitemaisondegiverny.com\/index.php\/wp-json\/wp\/v2\/pages"}],"about":[{"href":"https:\/\/lapetitemaisondegiverny.com\/index.php\/wp-json\/wp\/v2\/types\/page"}],"author":[{"embeddable":true,"href":"https:\/\/lapetitemaisondegiverny.com\/index.php\/wp-json\/wp\/v2\/users\/1"}],"replies":[{"embeddable":true,"href":"https:\/\/lapetitemaisondegiverny.com\/index.php\/wp-json\/wp\/v2\/comments?post=534"}],"version-history":[{"count":25,"href":"https:\/\/lapetitemaisondegiverny.com\/index.php\/wp-json\/wp\/v2\/pages\/534\/revisions"}],"predecessor-version":[{"id":968,"href":"https:\/\/lapetitemaisondegiverny.com\/index.php\/wp-json\/wp\/v2\/pages\/534\/revisions\/968"}],"wp:attachment":[{"href":"https:\/\/lapetitemaisondegiverny.com\/index.php\/wp-json\/wp\/v2\/media?parent=534"}],"curies":[{"name":"wp","href":"https:\/\/api.w.org\/{rel}","templated":true}]}}