{"id":47,"date":"2024-01-11T16:04:13","date_gmt":"2024-01-11T15:04:13","guid":{"rendered":"https:\/\/lapetitemaisondegiverny.com\/?page_id=47"},"modified":"2025-09-17T14:51:55","modified_gmt":"2025-09-17T12:51:55","slug":"prestations","status":"publish","type":"page","link":"https:\/\/lapetitemaisondegiverny.com\/index.php\/prestations\/","title":{"rendered":"Prestations"},"content":{"rendered":"\t\t<div data-elementor-type=\"wp-page\" data-elementor-id=\"47\" class=\"elementor elementor-47\" data-elementor-post-type=\"page\">\n\t\t\t\t<div class=\"elementor-element elementor-element-533a7e1 e-flex e-con-boxed e-con e-parent\" data-id=\"533a7e1\" data-element_type=\"container\" data-e-type=\"container\">\n\t\t\t\t\t<div class=\"e-con-inner\">\n\t\t\t\t<div class=\"elementor-element elementor-element-cfddf68 elementor-widget elementor-widget-spacer\" data-id=\"cfddf68\" data-element_type=\"widget\" data-e-type=\"widget\" data-widget_type=\"spacer.default\">\n\t\t\t\t<div class=\"elementor-widget-container\">\n\t\t\t\t\t\t\t<div class=\"elementor-spacer\">\n\t\t\t<div class=\"elementor-spacer-inner\"><\/div>\n\t\t<\/div>\n\t\t\t\t\t\t<\/div>\n\t\t\t\t<\/div>\n\t\t\t\t\t<\/div>\n\t\t\t\t<\/div>\n\t\t<div class=\"elementor-element elementor-element-1b2992c e-flex e-con-boxed e-con e-parent\" data-id=\"1b2992c\" data-element_type=\"container\" data-e-type=\"container\">\n\t\t\t\t\t<div class=\"e-con-inner\">\n\t\t\t\t<div class=\"elementor-element elementor-element-847bf6e elementor-widget elementor-widget-heading\" data-id=\"847bf6e\" data-element_type=\"widget\" data-e-type=\"widget\" data-widget_type=\"heading.default\">\n\t\t\t\t<div class=\"elementor-widget-container\">\n\t\t\t\t\t<h2 class=\"elementor-heading-title elementor-size-default\">Prestations<\/h2>\t\t\t\t<\/div>\n\t\t\t\t<\/div>\n\t\t\t\t<div class=\"elementor-element elementor-element-0f29188 elementor-widget-divider--view-line elementor-widget elementor-widget-divider\" data-id=\"0f29188\" data-element_type=\"widget\" data-e-type=\"widget\" data-widget_type=\"divider.default\">\n\t\t\t\t<div class=\"elementor-widget-container\">\n\t\t\t\t\t\t\t<div class=\"elementor-divider\">\n\t\t\t<span class=\"elementor-divider-separator\">\n\t\t\t\t\t\t<\/span>\n\t\t<\/div>\n\t\t\t\t\t\t<\/div>\n\t\t\t\t<\/div>\n\t\t\t\t<div class=\"elementor-element elementor-element-86487a3 elementor-widget elementor-widget-text-editor\" data-id=\"86487a3\" data-element_type=\"widget\" data-e-type=\"widget\" data-widget_type=\"text-editor.default\">\n\t\t\t\t<div class=\"elementor-widget-container\">\n\t\t\t\t\t\t\t\t\t<p style=\"text-align: center;\">Vous trouverez ici les tarifs pour votre s\u00e9jour, ainsi que toutes les prestations dont vous pourrez b\u00e9n\u00e9ficier lors de votre visite<\/p>\t\t\t\t\t\t\t\t<\/div>\n\t\t\t\t<\/div>\n\t\t\t\t\t<\/div>\n\t\t\t\t<\/div>\n\t\t<div class=\"elementor-element elementor-element-34d6868 e-flex e-con-boxed e-con e-parent\" data-id=\"34d6868\" data-element_type=\"container\" data-e-type=\"container\">\n\t\t\t\t\t<div class=\"e-con-inner\">\n\t\t\t\t<div class=\"elementor-element elementor-element-91bd59f elementor-widget elementor-widget-heading\" data-id=\"91bd59f\" data-element_type=\"widget\" data-e-type=\"widget\" data-widget_type=\"heading.default\">\n\t\t\t\t<div class=\"elementor-widget-container\">\n\t\t\t\t\t<h2 class=\"elementor-heading-title elementor-size-default\">Tarifs<\/h2>\t\t\t\t<\/div>\n\t\t\t\t<\/div>\n\t\t\t\t\t<\/div>\n\t\t\t\t<\/div>\n\t\t<div class=\"elementor-element elementor-element-0ec9d84 e-flex e-con-boxed e-con e-parent\" data-id=\"0ec9d84\" data-element_type=\"container\" data-e-type=\"container\">\n\t\t\t\t\t<div class=\"e-con-inner\">\n\t\t\t\t<div class=\"elementor-element elementor-element-ee3f128 elementor-widget elementor-widget-text-editor\" data-id=\"ee3f128\" data-element_type=\"widget\" data-e-type=\"widget\" data-widget_type=\"text-editor.default\">\n\t\t\t\t<div class=\"elementor-widget-container\">\n\t\t\t\t\t\t\t\t\t<ul><li style=\"text-align: center;\">Privatisation totale du g\u00eete \u00e0 partir de 495\u20ac jusqu&rsquo;\u00e0 895\u20ac la nuit pour 6 personnes en fonction des p\u00e9riodes demand\u00e9es. N&rsquo;h\u00e9sitez pas \u00e0 nous consulter afin d&rsquo;obtenir un devis personnalis\u00e9.<\/li><\/ul>\t\t\t\t\t\t\t\t<\/div>\n\t\t\t\t<\/div>\n\t\t\t\t\t<\/div>\n\t\t\t\t<\/div>\n\t\t<div class=\"elementor-element elementor-element-251c25d e-flex e-con-boxed e-con e-parent\" data-id=\"251c25d\" data-element_type=\"container\" data-e-type=\"container\">\n\t\t\t\t\t<div class=\"e-con-inner\">\n\t\t\t\t<div class=\"elementor-element elementor-element-1485d2a elementor-widget elementor-widget-heading\" data-id=\"1485d2a\" data-element_type=\"widget\" data-e-type=\"widget\" data-widget_type=\"heading.default\">\n\t\t\t\t<div class=\"elementor-widget-container\">\n\t\t\t\t\t<h2 class=\"elementor-heading-title elementor-size-default\">Prestations G\u00e9n\u00e9rales<\/h2>\t\t\t\t<\/div>\n\t\t\t\t<\/div>\n\t\t\t\t\t<\/div>\n\t\t\t\t<\/div>\n\t\t<div class=\"elementor-element elementor-element-d27fe46 e-flex e-con-boxed e-con e-parent\" data-id=\"d27fe46\" data-element_type=\"container\" data-e-type=\"container\">\n\t\t\t\t\t<div class=\"e-con-inner\">\n\t\t\t\t<div class=\"elementor-element elementor-element-074d429 elementor-widget elementor-widget-text-editor\" data-id=\"074d429\" data-element_type=\"widget\" data-e-type=\"widget\" data-widget_type=\"text-editor.default\">\n\t\t\t\t<div class=\"elementor-widget-container\">\n\t\t\t\t\t\t\t\t\t<p style=\"text-align: center;\"><strong>Tout d&rsquo;abord il est \u00e0 noter que le g\u00eete est non fumeur (en int\u00e9rieur) et que malgr\u00e9 notre amour pour eux, les animaux ne sont pas accept\u00e9s.<\/strong><\/p>\t\t\t\t\t\t\t\t<\/div>\n\t\t\t\t<\/div>\n\t\t\t\t\t<\/div>\n\t\t\t\t<\/div>\n\t\t<div class=\"elementor-element elementor-element-a0af4bc e-flex e-con-boxed e-con e-parent\" data-id=\"a0af4bc\" data-element_type=\"container\" data-e-type=\"container\">\n\t\t\t\t\t<div class=\"e-con-inner\">\n\t\t<div class=\"elementor-element elementor-element-a11ad8e e-con-full e-flex e-con e-child\" data-id=\"a11ad8e\" data-element_type=\"container\" data-e-type=\"container\">\n\t\t\t\t<div class=\"elementor-element elementor-element-63b1e4d elementor-widget elementor-widget-text-editor\" data-id=\"63b1e4d\" data-element_type=\"widget\" data-e-type=\"widget\" data-widget_type=\"text-editor.default\">\n\t\t\t\t<div class=\"elementor-widget-container\">\n\t\t\t\t\t\t\t\t\t<p style=\"text-align: center;\">Voici une liste de quelques unes des prestations auxquelles vous pourrez acc\u00e9der lors de votre s\u00e9jour:&nbsp;<\/p>\n<ul>\n<li>M\u00e9nage offert pendant le s\u00e9jour sur simple demande<\/li>\n<li>Parking s\u00e9curis\u00e9 clos. (Surveillance cam\u00e9ra sur demande)<\/li>\n<li>Sauna Finlandais 50euros \/ Jour (utilisations illimit\u00e9es dans la journ\u00e9e)<\/li>\n<li>Borne Recharge Electrique 50euros\/Jours (24h)<\/li>\n<li>Jeux de soci\u00e9t\u00e9<\/li>\n<li>P\u00e9tanque<\/li>\n<li>Hamac<\/li>\n<li>Enceinte Connect\u00e9e&nbsp;<span style=\"font-weight: 400;\">Marshall Woburn<\/span><\/li>\n<li>Location de V\u00e9los\/Trottinettes \u00e9lectriques livr\u00e9s sur place apr\u00e8s r\u00e9servation aupr\u00e8s de notre partenaire <a href=\"https:\/\/location-velo-vernon.fr\/\" target=\"_blank\" rel=\"noopener\">Rental-Station<\/a>.<\/li>\n<li>Service Traiteur sur demande<\/li>\n<li>Services Streaming Gratuits (Netflix, PrimeVideo)<\/li>\n<li>Brasero Grill \u00e0 disposition en terrasse<\/li>\n<li>Syst\u00e8me d&rsquo;alarme et vid\u00e9osurveillance ext\u00e9rieure (d\u00e9sactivable sur demande)<\/li>\n<li>Livraison de viennoiseries le matin avec la boulangerie du village <a href=\"https:\/\/www.facebook.com\/au.coin.du.paintre\/\" target=\"_blank\" rel=\"noopener\">Au coin du pain&rsquo;tre<\/a>.<\/li>\n<\/ul>\t\t\t\t\t\t\t\t<\/div>\n\t\t\t\t<\/div>\n\t\t\t\t<\/div>\n\t\t\t\t\t<\/div>\n\t\t\t\t<\/div>\n\t\t<div class=\"elementor-element elementor-element-37d57f9 e-flex e-con-boxed e-con e-parent\" data-id=\"37d57f9\" data-element_type=\"container\" data-e-type=\"container\">\n\t\t\t\t\t<div class=\"e-con-inner\">\n\t\t\t\t<div class=\"elementor-element elementor-element-31daa5a elementor-widget-divider--view-line elementor-widget elementor-widget-divider\" data-id=\"31daa5a\" data-element_type=\"widget\" data-e-type=\"widget\" data-widget_type=\"divider.default\">\n\t\t\t\t<div class=\"elementor-widget-container\">\n\t\t\t\t\t\t\t<div class=\"elementor-divider\">\n\t\t\t<span class=\"elementor-divider-separator\">\n\t\t\t\t\t\t<\/span>\n\t\t<\/div>\n\t\t\t\t\t\t<\/div>\n\t\t\t\t<\/div>\n\t\t\t\t\t<\/div>\n\t\t\t\t<\/div>\n\t\t<div class=\"elementor-element elementor-element-7935214 e-flex e-con-boxed e-con e-parent\" data-id=\"7935214\" data-element_type=\"container\" data-e-type=\"container\">\n\t\t\t\t\t<div class=\"e-con-inner\">\n\t\t\t\t<div class=\"elementor-element elementor-element-e582bc1 elementor-widget elementor-widget-gallery\" data-id=\"e582bc1\" data-element_type=\"widget\" data-e-type=\"widget\" data-settings=\"{&quot;columns&quot;:3,&quot;lazyload&quot;:&quot;yes&quot;,&quot;gallery_layout&quot;:&quot;grid&quot;,&quot;columns_tablet&quot;:2,&quot;columns_mobile&quot;:1,&quot;gap&quot;:{&quot;unit&quot;:&quot;px&quot;,&quot;size&quot;:10,&quot;sizes&quot;:[]},&quot;gap_tablet&quot;:{&quot;unit&quot;:&quot;px&quot;,&quot;size&quot;:10,&quot;sizes&quot;:[]},&quot;gap_mobile&quot;:{&quot;unit&quot;:&quot;px&quot;,&quot;size&quot;:10,&quot;sizes&quot;:[]},&quot;link_to&quot;:&quot;file&quot;,&quot;aspect_ratio&quot;:&quot;3:2&quot;,&quot;overlay_background&quot;:&quot;yes&quot;,&quot;content_hover_animation&quot;:&quot;fade-in&quot;}\" data-widget_type=\"gallery.default\">\n\t\t\t\t<div class=\"elementor-widget-container\">\n\t\t\t\t\t\t\t<div class=\"elementor-gallery__container\">\n\t\t\t\t\t\t\t<a class=\"e-gallery-item elementor-gallery-item elementor-animated-content\" href=\"https:\/\/lapetitemaisondegiverny.com\/wp-content\/uploads\/2024\/05\/IMG_0690-scaled.jpg\" data-elementor-open-lightbox=\"yes\" data-elementor-lightbox-slideshow=\"e582bc1\" data-elementor-lightbox-title=\"IMG_0690\" data-e-action-hash=\"#elementor-action%3Aaction%3Dlightbox%26settings%3DeyJpZCI6MTA3NSwidXJsIjoiaHR0cHM6XC9cL2xhcGV0aXRlbWFpc29uZGVnaXZlcm55LmNvbVwvd3AtY29udGVudFwvdXBsb2Fkc1wvMjAyNFwvMDVcL0lNR18wNjkwLXNjYWxlZC5qcGciLCJzbGlkZXNob3ciOiJlNTgyYmMxIn0%3D\">\n\t\t\t\t\t<div class=\"e-gallery-image elementor-gallery-item__image\" data-thumbnail=\"https:\/\/lapetitemaisondegiverny.com\/wp-content\/uploads\/2024\/05\/IMG_0690-300x225.jpg\" data-width=\"300\" data-height=\"225\" aria-label=\"\" role=\"img\" ><\/div>\n\t\t\t\t\t\t\t\t\t\t\t<div class=\"elementor-gallery-item__overlay\"><\/div>\n\t\t\t\t\t\t\t\t\t\t\t\t\t\t<\/a>\n\t\t\t\t\t\t\t<a class=\"e-gallery-item elementor-gallery-item elementor-animated-content\" href=\"https:\/\/lapetitemaisondegiverny.com\/wp-content\/uploads\/2024\/05\/IMG_0849-scaled.jpg\" data-elementor-open-lightbox=\"yes\" data-elementor-lightbox-slideshow=\"e582bc1\" data-elementor-lightbox-title=\"IMG_0849\" data-e-action-hash=\"#elementor-action%3Aaction%3Dlightbox%26settings%3DeyJpZCI6MTA3OCwidXJsIjoiaHR0cHM6XC9cL2xhcGV0aXRlbWFpc29uZGVnaXZlcm55LmNvbVwvd3AtY29udGVudFwvdXBsb2Fkc1wvMjAyNFwvMDVcL0lNR18wODQ5LXNjYWxlZC5qcGciLCJzbGlkZXNob3ciOiJlNTgyYmMxIn0%3D\">\n\t\t\t\t\t<div class=\"e-gallery-image elementor-gallery-item__image\" data-thumbnail=\"https:\/\/lapetitemaisondegiverny.com\/wp-content\/uploads\/2024\/05\/IMG_0849-300x225.jpg\" data-width=\"300\" data-height=\"225\" aria-label=\"\" role=\"img\" ><\/div>\n\t\t\t\t\t\t\t\t\t\t\t<div class=\"elementor-gallery-item__overlay\"><\/div>\n\t\t\t\t\t\t\t\t\t\t\t\t\t\t<\/a>\n\t\t\t\t\t\t\t<a class=\"e-gallery-item elementor-gallery-item elementor-animated-content\" href=\"https:\/\/lapetitemaisondegiverny.com\/wp-content\/uploads\/2024\/05\/IMG_1287-scaled.jpg\" data-elementor-open-lightbox=\"yes\" data-elementor-lightbox-slideshow=\"e582bc1\" data-elementor-lightbox-title=\"IMG_1287\" data-e-action-hash=\"#elementor-action%3Aaction%3Dlightbox%26settings%3DeyJpZCI6MTEyMywidXJsIjoiaHR0cHM6XC9cL2xhcGV0aXRlbWFpc29uZGVnaXZlcm55LmNvbVwvd3AtY29udGVudFwvdXBsb2Fkc1wvMjAyNFwvMDVcL0lNR18xMjg3LXNjYWxlZC5qcGciLCJzbGlkZXNob3ciOiJlNTgyYmMxIn0%3D\">\n\t\t\t\t\t<div class=\"e-gallery-image elementor-gallery-item__image\" data-thumbnail=\"https:\/\/lapetitemaisondegiverny.com\/wp-content\/uploads\/2024\/05\/IMG_1287-225x300.jpg\" data-width=\"225\" data-height=\"300\" aria-label=\"\" role=\"img\" ><\/div>\n\t\t\t\t\t\t\t\t\t\t\t<div class=\"elementor-gallery-item__overlay\"><\/div>\n\t\t\t\t\t\t\t\t\t\t\t\t\t\t<\/a>\n\t\t\t\t\t<\/div>\n\t\t\t\t\t<\/div>\n\t\t\t\t<\/div>\n\t\t\t\t\t<\/div>\n\t\t\t\t<\/div>\n\t\t<div class=\"elementor-element elementor-element-7f49e54 e-flex e-con-boxed e-con e-parent\" data-id=\"7f49e54\" data-element_type=\"container\" data-e-type=\"container\">\n\t\t\t\t\t<div class=\"e-con-inner\">\n\t\t\t\t<div class=\"elementor-element elementor-element-5034672 elementor-widget elementor-widget-spacer\" data-id=\"5034672\" data-element_type=\"widget\" data-e-type=\"widget\" data-widget_type=\"spacer.default\">\n\t\t\t\t<div class=\"elementor-widget-container\">\n\t\t\t\t\t\t\t<div class=\"elementor-spacer\">\n\t\t\t<div class=\"elementor-spacer-inner\"><\/div>\n\t\t<\/div>\n\t\t\t\t\t\t<\/div>\n\t\t\t\t<\/div>\n\t\t\t\t\t<\/div>\n\t\t\t\t<\/div>\n\t\t\t\t<\/div>\n\t\t","protected":false},"excerpt":{"rendered":"<p>Prestations Vous trouverez ici les tarifs pour votre s\u00e9jour, ainsi que toutes les prestations dont vous pourrez b\u00e9n\u00e9ficier lors de [&hellip;]<\/p>\n","protected":false},"author":1,"featured_media":0,"parent":0,"menu_order":0,"comment_status":"closed","ping_status":"closed","template":"","meta":{"_uag_custom_page_level_css":"","site-sidebar-layout":"no-sidebar","site-content-layout":"","ast-site-content-layout":"full-width-container","site-content-style":"default","site-sidebar-style":"default","ast-global-header-display":"","ast-banner-title-visibility":"","ast-main-header-display":"","ast-hfb-above-header-display":"","ast-hfb-below-header-display":"","ast-hfb-mobile-header-display":"","site-post-title":"disabled","ast-breadcrumbs-content":"","ast-featured-img":"disabled","footer-sml-layout":"","ast-disable-related-posts":"","theme-transparent-header-meta":"","adv-header-id-meta":"","stick-header-meta":"","header-above-stick-meta":"","header-main-stick-meta":"","header-below-stick-meta":"","astra-migrate-meta-layouts":"default","ast-page-background-enabled":"default","ast-page-background-meta":{"desktop":{"background-color":"var(--ast-global-color-4)","background-image":"","background-repeat":"repeat","background-position":"center center","background-size":"auto","background-attachment":"scroll","background-type":"","background-media":"","overlay-type":"","overlay-color":"","overlay-opacity":"","overlay-gradient":""},"tablet":{"background-color":"","background-image":"","background-repeat":"repeat","background-position":"center center","background-size":"auto","background-attachment":"scroll","background-type":"","background-media":"","overlay-type":"","overlay-color":"","overlay-opacity":"","overlay-gradient":""},"mobile":{"background-color":"","background-image":"","background-repeat":"repeat","background-position":"center center","background-size":"auto","background-attachment":"scroll","background-type":"","background-media":"","overlay-type":"","overlay-color":"","overlay-opacity":"","overlay-gradient":""}},"ast-content-background-meta":{"desktop":{"background-color":"var(--ast-global-color-5)","background-image":"","background-repeat":"repeat","background-position":"center center","background-size":"auto","background-attachment":"scroll","background-type":"","background-media":"","overlay-type":"","overlay-color":"","overlay-opacity":"","overlay-gradient":""},"tablet":{"background-color":"var(--ast-global-color-5)","background-image":"","background-repeat":"repeat","background-position":"center center","background-size":"auto","background-attachment":"scroll","background-type":"","background-media":"","overlay-type":"","overlay-color":"","overlay-opacity":"","overlay-gradient":""},"mobile":{"background-color":"var(--ast-global-color-5)","background-image":"","background-repeat":"repeat","background-position":"center center","background-size":"auto","background-attachment":"scroll","background-type":"","background-media":"","overlay-type":"","overlay-color":"","overlay-opacity":"","overlay-gradient":""}},"footnotes":""},"class_list":["post-47","page","type-page","status-publish","hentry"],"uagb_featured_image_src":{"full":false,"thumbnail":false,"medium":false,"medium_large":false,"large":false,"1536x1536":false,"2048x2048":false},"uagb_author_info":{"display_name":"lapetitemaisondegiverny.com","author_link":"https:\/\/lapetitemaisondegiverny.com\/author\/lapetitemaisondegiverny-com\/"},"uagb_comment_info":0,"uagb_excerpt":"Prestations Vous trouverez ici les tarifs pour votre s\u00e9jour, ainsi que toutes les prestations dont vous pourrez b\u00e9n\u00e9ficier lors de [&hellip;]","_links":{"self":[{"href":"https:\/\/lapetitemaisondegiverny.com\/index.php\/wp-json\/wp\/v2\/pages\/47","targetHints":{"allow":["GET"]}}],"collection":[{"href":"https:\/\/lapetitemaisondegiverny.com\/index.php\/wp-json\/wp\/v2\/pages"}],"about":[{"href":"https:\/\/lapetitemaisondegiverny.com\/index.php\/wp-json\/wp\/v2\/types\/page"}],"author":[{"embeddable":true,"href":"https:\/\/lapetitemaisondegiverny.com\/index.php\/wp-json\/wp\/v2\/users\/1"}],"replies":[{"embeddable":true,"href":"https:\/\/lapetitemaisondegiverny.com\/index.php\/wp-json\/wp\/v2\/comments?post=47"}],"version-history":[{"count":99,"href":"https:\/\/lapetitemaisondegiverny.com\/index.php\/wp-json\/wp\/v2\/pages\/47\/revisions"}],"predecessor-version":[{"id":1530,"href":"https:\/\/lapetitemaisondegiverny.com\/index.php\/wp-json\/wp\/v2\/pages\/47\/revisions\/1530"}],"wp:attachment":[{"href":"https:\/\/lapetitemaisondegiverny.com\/index.php\/wp-json\/wp\/v2\/media?parent=47"}],"curies":[{"name":"wp","href":"https:\/\/api.w.org\/{rel}","templated":true}]}}