{"id":142,"date":"2024-01-11T16:21:54","date_gmt":"2024-01-11T15:21:54","guid":{"rendered":"https:\/\/lapetitemaisondegiverny.com\/?page_id=142"},"modified":"2024-02-18T14:47:53","modified_gmt":"2024-02-18T13:47:53","slug":"patrimoine","status":"publish","type":"page","link":"https:\/\/lapetitemaisondegiverny.com\/index.php\/patrimoine\/","title":{"rendered":"Patrimoine"},"content":{"rendered":"\t\t<div data-elementor-type=\"wp-page\" data-elementor-id=\"142\" class=\"elementor elementor-142\" data-elementor-post-type=\"page\">\n\t\t\t\t<div class=\"elementor-element elementor-element-48f1401 e-flex e-con-boxed e-con e-parent\" data-id=\"48f1401\" data-element_type=\"container\" data-e-type=\"container\">\n\t\t\t\t\t<div class=\"e-con-inner\">\n\t\t\t\t<div class=\"elementor-element elementor-element-3daed24 elementor-widget elementor-widget-spacer\" data-id=\"3daed24\" data-element_type=\"widget\" data-e-type=\"widget\" data-widget_type=\"spacer.default\">\n\t\t\t\t<div class=\"elementor-widget-container\">\n\t\t\t\t\t\t\t<div class=\"elementor-spacer\">\n\t\t\t<div class=\"elementor-spacer-inner\"><\/div>\n\t\t<\/div>\n\t\t\t\t\t\t<\/div>\n\t\t\t\t<\/div>\n\t\t\t\t<div class=\"elementor-element elementor-element-6cd40c9 elementor-widget elementor-widget-heading\" data-id=\"6cd40c9\" data-element_type=\"widget\" data-e-type=\"widget\" data-widget_type=\"heading.default\">\n\t\t\t\t<div class=\"elementor-widget-container\">\n\t\t\t\t\t<h2 class=\"elementor-heading-title elementor-size-default\">Patrimoine Exceptionnel<\/h2>\t\t\t\t<\/div>\n\t\t\t\t<\/div>\n\t\t\t\t<div class=\"elementor-element elementor-element-eac11c3 elementor-widget elementor-widget-image\" data-id=\"eac11c3\" data-element_type=\"widget\" data-e-type=\"widget\" data-widget_type=\"image.default\">\n\t\t\t\t<div class=\"elementor-widget-container\">\n\t\t\t\t\t\t\t\t\t\t\t\t\t\t\t<img fetchpriority=\"high\" decoding=\"async\" width=\"750\" height=\"554\" src=\"https:\/\/lapetitemaisondegiverny.com\/wp-content\/uploads\/2024\/01\/Jardin-d_eau.jpg\" class=\"attachment-large size-large wp-image-286\" alt=\"\" srcset=\"https:\/\/lapetitemaisondegiverny.com\/wp-content\/uploads\/2024\/01\/Jardin-d_eau.jpg 750w, https:\/\/lapetitemaisondegiverny.com\/wp-content\/uploads\/2024\/01\/Jardin-d_eau-300x222.jpg 300w\" sizes=\"(max-width: 750px) 100vw, 750px\" \/>\t\t\t\t\t\t\t\t\t\t\t\t\t\t\t<\/div>\n\t\t\t\t<\/div>\n\t\t\t\t<div class=\"elementor-element elementor-element-5e2478f elementor-widget elementor-widget-spacer\" data-id=\"5e2478f\" data-element_type=\"widget\" data-e-type=\"widget\" data-widget_type=\"spacer.default\">\n\t\t\t\t<div class=\"elementor-widget-container\">\n\t\t\t\t\t\t\t<div class=\"elementor-spacer\">\n\t\t\t<div class=\"elementor-spacer-inner\"><\/div>\n\t\t<\/div>\n\t\t\t\t\t\t<\/div>\n\t\t\t\t<\/div>\n\t\t\t\t<div class=\"elementor-element elementor-element-b400d9c elementor-widget elementor-widget-text-editor\" data-id=\"b400d9c\" data-element_type=\"widget\" data-e-type=\"widget\" data-widget_type=\"text-editor.default\">\n\t\t\t\t<div class=\"elementor-widget-container\">\n\t\t\t\t\t\t\t\t\t<p>Giverny \u00e9tant une ville avec un patrimoine exceptionnel , le g\u00eete \u00ab\u00a0<strong>La Petite Maison de Giverny<\/strong>\u00a0\u00bb vous propose \u00e0 travers ces liens quelques uns de ces endroits que vous pourrez visiter \u00e0 proximit\u00e9.<\/p>\t\t\t\t\t\t\t\t<\/div>\n\t\t\t\t<\/div>\n\t\t\t\t<div class=\"elementor-element elementor-element-005d0f5 elementor-widget-divider--view-line elementor-widget elementor-widget-divider\" data-id=\"005d0f5\" data-element_type=\"widget\" data-e-type=\"widget\" data-widget_type=\"divider.default\">\n\t\t\t\t<div class=\"elementor-widget-container\">\n\t\t\t\t\t\t\t<div class=\"elementor-divider\">\n\t\t\t<span class=\"elementor-divider-separator\">\n\t\t\t\t\t\t<\/span>\n\t\t<\/div>\n\t\t\t\t\t\t<\/div>\n\t\t\t\t<\/div>\n\t\t\t\t\t<\/div>\n\t\t\t\t<\/div>\n\t\t<div class=\"elementor-element elementor-element-29b9327 e-flex e-con-boxed e-con e-parent\" data-id=\"29b9327\" data-element_type=\"container\" data-e-type=\"container\">\n\t\t\t\t\t<div class=\"e-con-inner\">\n\t\t<div class=\"elementor-element elementor-element-d623b3c e-con-full e-flex e-con e-child\" data-id=\"d623b3c\" data-element_type=\"container\" data-e-type=\"container\">\n\t\t\t\t<div class=\"elementor-element elementor-element-9dafa06 elementor-widget elementor-widget-spacer\" data-id=\"9dafa06\" data-element_type=\"widget\" data-e-type=\"widget\" data-widget_type=\"spacer.default\">\n\t\t\t\t<div class=\"elementor-widget-container\">\n\t\t\t\t\t\t\t<div class=\"elementor-spacer\">\n\t\t\t<div class=\"elementor-spacer-inner\"><\/div>\n\t\t<\/div>\n\t\t\t\t\t\t<\/div>\n\t\t\t\t<\/div>\n\t\t\t\t<div class=\"elementor-element elementor-element-2774eb0 elementor-widget elementor-widget-image\" data-id=\"2774eb0\" data-element_type=\"widget\" data-e-type=\"widget\" data-widget_type=\"image.default\">\n\t\t\t\t<div class=\"elementor-widget-container\">\n\t\t\t\t\t\t\t\t\t\t\t\t\t\t\t<img decoding=\"async\" width=\"1024\" height=\"663\" src=\"https:\/\/lapetitemaisondegiverny.com\/wp-content\/uploads\/2024\/01\/gautier-salles-YzyhU3D1YSU-unsplash-scaled-e1706110033412-1024x663.jpg\" class=\"attachment-large size-large wp-image-311\" alt=\"\" srcset=\"https:\/\/lapetitemaisondegiverny.com\/wp-content\/uploads\/2024\/01\/gautier-salles-YzyhU3D1YSU-unsplash-scaled-e1706110033412-1024x663.jpg 1024w, https:\/\/lapetitemaisondegiverny.com\/wp-content\/uploads\/2024\/01\/gautier-salles-YzyhU3D1YSU-unsplash-scaled-e1706110033412-300x194.jpg 300w, https:\/\/lapetitemaisondegiverny.com\/wp-content\/uploads\/2024\/01\/gautier-salles-YzyhU3D1YSU-unsplash-scaled-e1706110033412-768x497.jpg 768w, https:\/\/lapetitemaisondegiverny.com\/wp-content\/uploads\/2024\/01\/gautier-salles-YzyhU3D1YSU-unsplash-scaled-e1706110033412-1536x995.jpg 1536w, https:\/\/lapetitemaisondegiverny.com\/wp-content\/uploads\/2024\/01\/gautier-salles-YzyhU3D1YSU-unsplash-scaled-e1706110033412.jpg 1706w\" sizes=\"(max-width: 1024px) 100vw, 1024px\" \/>\t\t\t\t\t\t\t\t\t\t\t\t\t\t\t<\/div>\n\t\t\t\t<\/div>\n\t\t\t\t<\/div>\n\t\t<div class=\"elementor-element elementor-element-4c0f4b6 e-con-full e-flex e-con e-child\" data-id=\"4c0f4b6\" data-element_type=\"container\" data-e-type=\"container\">\n\t\t\t\t<div class=\"elementor-element elementor-element-4af0c85 elementor-widget elementor-widget-text-editor\" data-id=\"4af0c85\" data-element_type=\"widget\" data-e-type=\"widget\" data-widget_type=\"text-editor.default\">\n\t\t\t\t<div class=\"elementor-widget-container\">\n\t\t\t\t\t\t\t\t\t<h1>La Maison de Claude Monet<\/h1>\t\t\t\t\t\t\t\t<\/div>\n\t\t\t\t<\/div>\n\t\t\t\t<div class=\"elementor-element elementor-element-aa83857 elementor-widget elementor-widget-text-editor\" data-id=\"aa83857\" data-element_type=\"widget\" data-e-type=\"widget\" data-widget_type=\"text-editor.default\">\n\t\t\t\t<div class=\"elementor-widget-container\">\n\t\t\t\t\t\t\t\t\t<p>Claude Monet, l&rsquo;un des piliers de l&rsquo;impressionnisme, a v\u00e9cu une grande partie de sa vie \u00e0 Giverny, une charmante localit\u00e9 fran\u00e7aise. Sa maison, aujourd&rsquo;hui transform\u00e9e en mus\u00e9e, offre un aper\u00e7u fascinant de sa vie et de son \u0153uvre. Ce lieu embl\u00e9matique attire des visiteurs du monde entier, d\u00e9sireux de s&rsquo;immerger dans l&rsquo;univers du ma\u00eetre de l&rsquo;impressionnisme.<\/p>\t\t\t\t\t\t\t\t<\/div>\n\t\t\t\t<\/div>\n\t\t\t\t<div class=\"elementor-element elementor-element-d2e7a8c elementor-button-info elementor-align-center elementor-widget elementor-widget-button\" data-id=\"d2e7a8c\" data-element_type=\"widget\" data-e-type=\"widget\" data-widget_type=\"button.default\">\n\t\t\t\t<div class=\"elementor-widget-container\">\n\t\t\t\t\t\t\t\t\t<div class=\"elementor-button-wrapper\">\n\t\t\t\t\t<a class=\"elementor-button elementor-button-link elementor-size-sm\" href=\"https:\/\/fondation-monet.com\/\" target=\"_blank\" rel=\"noopener\">\n\t\t\t\t\t\t<span class=\"elementor-button-content-wrapper\">\n\t\t\t\t\t\t\t\t\t<span class=\"elementor-button-text\">En Savoir Plus<\/span>\n\t\t\t\t\t<\/span>\n\t\t\t\t\t<\/a>\n\t\t\t\t<\/div>\n\t\t\t\t\t\t\t\t<\/div>\n\t\t\t\t<\/div>\n\t\t\t\t<div class=\"elementor-element elementor-element-fc90742 elementor-widget elementor-widget-spacer\" data-id=\"fc90742\" data-element_type=\"widget\" data-e-type=\"widget\" data-widget_type=\"spacer.default\">\n\t\t\t\t<div class=\"elementor-widget-container\">\n\t\t\t\t\t\t\t<div class=\"elementor-spacer\">\n\t\t\t<div class=\"elementor-spacer-inner\"><\/div>\n\t\t<\/div>\n\t\t\t\t\t\t<\/div>\n\t\t\t\t<\/div>\n\t\t\t\t<\/div>\n\t\t\t\t\t<\/div>\n\t\t\t\t<\/div>\n\t\t<div class=\"elementor-element elementor-element-0dfe849 e-flex e-con-boxed e-con e-parent\" data-id=\"0dfe849\" data-element_type=\"container\" data-e-type=\"container\">\n\t\t\t\t\t<div class=\"e-con-inner\">\n\t\t<div class=\"elementor-element elementor-element-4d5173e e-con-full e-flex e-con e-child\" data-id=\"4d5173e\" data-element_type=\"container\" data-e-type=\"container\">\n\t\t\t\t<div class=\"elementor-element elementor-element-d10ade0 elementor-widget elementor-widget-text-editor\" data-id=\"d10ade0\" data-element_type=\"widget\" data-e-type=\"widget\" data-widget_type=\"text-editor.default\">\n\t\t\t\t<div class=\"elementor-widget-container\">\n\t\t\t\t\t\t\t\t\t<h1 style=\"text-align: center;\">Le Mus\u00e9e des Impressionnismes<\/h1>\t\t\t\t\t\t\t\t<\/div>\n\t\t\t\t<\/div>\n\t\t\t\t<div class=\"elementor-element elementor-element-3033443 elementor-widget elementor-widget-text-editor\" data-id=\"3033443\" data-element_type=\"widget\" data-e-type=\"widget\" data-widget_type=\"text-editor.default\">\n\t\t\t\t<div class=\"elementor-widget-container\">\n\t\t\t\t\t\t\t\t\t<p>Le Mus\u00e9e des Impressionnismes Giverny, situ\u00e9 dans le pittoresque village de Giverny, est un lieu incontournable pour les amateurs d&rsquo;art impressionniste. Ce mus\u00e9e, d\u00e9di\u00e9 \u00e0 l&rsquo;exploration et \u00e0 la c\u00e9l\u00e9bration du mouvement impressionniste, offre une perspective unique sur cette p\u00e9riode r\u00e9volutionnaire de l&rsquo;histoire de l&rsquo;art.<\/p>\t\t\t\t\t\t\t\t<\/div>\n\t\t\t\t<\/div>\n\t\t\t\t<div class=\"elementor-element elementor-element-484998d elementor-button-info elementor-align-center elementor-widget elementor-widget-button\" data-id=\"484998d\" data-element_type=\"widget\" data-e-type=\"widget\" data-widget_type=\"button.default\">\n\t\t\t\t<div class=\"elementor-widget-container\">\n\t\t\t\t\t\t\t\t\t<div class=\"elementor-button-wrapper\">\n\t\t\t\t\t<a class=\"elementor-button elementor-button-link elementor-size-sm\" href=\"https:\/\/www.mdig.fr\/\" target=\"_blank\" rel=\"noopener\">\n\t\t\t\t\t\t<span class=\"elementor-button-content-wrapper\">\n\t\t\t\t\t\t\t\t\t<span class=\"elementor-button-text\">En Savoir Plus<\/span>\n\t\t\t\t\t<\/span>\n\t\t\t\t\t<\/a>\n\t\t\t\t<\/div>\n\t\t\t\t\t\t\t\t<\/div>\n\t\t\t\t<\/div>\n\t\t\t\t<div class=\"elementor-element elementor-element-6be2f2e elementor-widget elementor-widget-spacer\" data-id=\"6be2f2e\" data-element_type=\"widget\" data-e-type=\"widget\" data-widget_type=\"spacer.default\">\n\t\t\t\t<div class=\"elementor-widget-container\">\n\t\t\t\t\t\t\t<div class=\"elementor-spacer\">\n\t\t\t<div class=\"elementor-spacer-inner\"><\/div>\n\t\t<\/div>\n\t\t\t\t\t\t<\/div>\n\t\t\t\t<\/div>\n\t\t\t\t<\/div>\n\t\t<div class=\"elementor-element elementor-element-b17b40e e-con-full e-flex e-con e-child\" data-id=\"b17b40e\" data-element_type=\"container\" data-e-type=\"container\">\n\t\t\t\t<div class=\"elementor-element elementor-element-20d3b89 elementor-widget elementor-widget-spacer\" data-id=\"20d3b89\" data-element_type=\"widget\" data-e-type=\"widget\" data-widget_type=\"spacer.default\">\n\t\t\t\t<div class=\"elementor-widget-container\">\n\t\t\t\t\t\t\t<div class=\"elementor-spacer\">\n\t\t\t<div class=\"elementor-spacer-inner\"><\/div>\n\t\t<\/div>\n\t\t\t\t\t\t<\/div>\n\t\t\t\t<\/div>\n\t\t\t\t<div class=\"elementor-element elementor-element-7303e81 elementor-widget elementor-widget-image\" data-id=\"7303e81\" data-element_type=\"widget\" data-e-type=\"widget\" data-widget_type=\"image.default\">\n\t\t\t\t<div class=\"elementor-widget-container\">\n\t\t\t\t\t\t\t\t\t\t\t\t\t\t\t<img decoding=\"async\" width=\"840\" height=\"472\" src=\"https:\/\/lapetitemaisondegiverny.com\/wp-content\/uploads\/2024\/01\/Musee-Impressionnismes.jpg\" class=\"attachment-large size-large wp-image-292\" alt=\"\" srcset=\"https:\/\/lapetitemaisondegiverny.com\/wp-content\/uploads\/2024\/01\/Musee-Impressionnismes.jpg 840w, https:\/\/lapetitemaisondegiverny.com\/wp-content\/uploads\/2024\/01\/Musee-Impressionnismes-300x169.jpg 300w, https:\/\/lapetitemaisondegiverny.com\/wp-content\/uploads\/2024\/01\/Musee-Impressionnismes-768x432.jpg 768w\" sizes=\"(max-width: 840px) 100vw, 840px\" \/>\t\t\t\t\t\t\t\t\t\t\t\t\t\t\t<\/div>\n\t\t\t\t<\/div>\n\t\t\t\t<\/div>\n\t\t\t\t\t<\/div>\n\t\t\t\t<\/div>\n\t\t<div class=\"elementor-element elementor-element-8bcdd04 e-flex e-con-boxed e-con e-parent\" data-id=\"8bcdd04\" data-element_type=\"container\" data-e-type=\"container\">\n\t\t\t\t\t<div class=\"e-con-inner\">\n\t\t<div class=\"elementor-element elementor-element-3c60459 e-con-full e-flex e-con e-child\" data-id=\"3c60459\" data-element_type=\"container\" data-e-type=\"container\">\n\t\t\t\t<div class=\"elementor-element elementor-element-3ded104 elementor-widget elementor-widget-spacer\" data-id=\"3ded104\" data-element_type=\"widget\" data-e-type=\"widget\" data-widget_type=\"spacer.default\">\n\t\t\t\t<div class=\"elementor-widget-container\">\n\t\t\t\t\t\t\t<div class=\"elementor-spacer\">\n\t\t\t<div class=\"elementor-spacer-inner\"><\/div>\n\t\t<\/div>\n\t\t\t\t\t\t<\/div>\n\t\t\t\t<\/div>\n\t\t\t\t<div class=\"elementor-element elementor-element-aeee4b9 elementor-widget elementor-widget-image\" data-id=\"aeee4b9\" data-element_type=\"widget\" data-e-type=\"widget\" data-widget_type=\"image.default\">\n\t\t\t\t<div class=\"elementor-widget-container\">\n\t\t\t\t\t\t\t\t\t\t\t\t\t\t\t<img loading=\"lazy\" decoding=\"async\" width=\"1024\" height=\"683\" src=\"https:\/\/lapetitemaisondegiverny.com\/wp-content\/uploads\/2024\/02\/chateau-de-la-roche-guyon-32-1024x683.jpg\" class=\"attachment-large size-large wp-image-665\" alt=\"\" srcset=\"https:\/\/lapetitemaisondegiverny.com\/wp-content\/uploads\/2024\/02\/chateau-de-la-roche-guyon-32-1024x683.jpg 1024w, https:\/\/lapetitemaisondegiverny.com\/wp-content\/uploads\/2024\/02\/chateau-de-la-roche-guyon-32-300x200.jpg 300w, https:\/\/lapetitemaisondegiverny.com\/wp-content\/uploads\/2024\/02\/chateau-de-la-roche-guyon-32-768x512.jpg 768w, https:\/\/lapetitemaisondegiverny.com\/wp-content\/uploads\/2024\/02\/chateau-de-la-roche-guyon-32.jpg 1440w\" sizes=\"(max-width: 1024px) 100vw, 1024px\" \/>\t\t\t\t\t\t\t\t\t\t\t\t\t\t\t<\/div>\n\t\t\t\t<\/div>\n\t\t\t\t<\/div>\n\t\t<div class=\"elementor-element elementor-element-377a690 e-con-full e-flex e-con e-child\" data-id=\"377a690\" data-element_type=\"container\" data-e-type=\"container\">\n\t\t\t\t<div class=\"elementor-element elementor-element-61906cd elementor-widget elementor-widget-heading\" data-id=\"61906cd\" data-element_type=\"widget\" data-e-type=\"widget\" data-widget_type=\"heading.default\">\n\t\t\t\t<div class=\"elementor-widget-container\">\n\t\t\t\t\t<h1 class=\"elementor-heading-title elementor-size-default\">La Roche Guyon<\/h1>\t\t\t\t<\/div>\n\t\t\t\t<\/div>\n\t\t\t\t<div class=\"elementor-element elementor-element-b711533 elementor-widget elementor-widget-text-editor\" data-id=\"b711533\" data-element_type=\"widget\" data-e-type=\"widget\" data-widget_type=\"text-editor.default\">\n\t\t\t\t<div class=\"elementor-widget-container\">\n\t\t\t\t\t\t\t\t\t<p style=\"text-align: center;\">La Roche-Guyon est un village d&rsquo;exception, nich\u00e9 au c\u0153ur du Val d&rsquo;Oise, en lisi\u00e8re de la Normandie, et class\u00e9 parmi les \u00ab\u00a0Plus Beaux Villages de France\u00a0\u00bb. Ce lieu unique en son genre s\u00e9duit par son ch\u00e2teau fort m\u00e9di\u00e9val et son donjon, \u00e9rig\u00e9s \u00e0 flanc de falaise, offrant une vue imprenable sur la Seine. La richesse historique de La Roche-Guyon, marqu\u00e9e par la pr\u00e9sence de ses caves troglodytiques, ses jardins suspendus et son patrimoine architectural, en fait un site incontournable pour les amateurs d&rsquo;histoire et de nature. La fusion entre le patrimoine naturel et b\u00e2ti conf\u00e8re \u00e0 ce village un charme ind\u00e9niable, invitant \u00e0 la d\u00e9couverte et \u00e0 la contemplation. La Roche-Guyon est ainsi un v\u00e9ritable voyage dans le temps, offrant aux visiteurs une exp\u00e9rience riche et vari\u00e9e, entre exploration culturelle et \u00e9vasion au sein d&rsquo;un paysage \u00e0 couper le souffle.<\/p>\t\t\t\t\t\t\t\t<\/div>\n\t\t\t\t<\/div>\n\t\t\t\t<div class=\"elementor-element elementor-element-cc4e45e elementor-button-info elementor-align-center elementor-widget elementor-widget-button\" data-id=\"cc4e45e\" data-element_type=\"widget\" data-e-type=\"widget\" data-widget_type=\"button.default\">\n\t\t\t\t<div class=\"elementor-widget-container\">\n\t\t\t\t\t\t\t\t\t<div class=\"elementor-button-wrapper\">\n\t\t\t\t\t<a class=\"elementor-button elementor-button-link elementor-size-sm\" href=\"https:\/\/www.chateaudelarocheguyon.fr\/\" target=\"_blank\" rel=\"noopener\">\n\t\t\t\t\t\t<span class=\"elementor-button-content-wrapper\">\n\t\t\t\t\t\t\t\t\t<span class=\"elementor-button-text\">En Savoir Plus<\/span>\n\t\t\t\t\t<\/span>\n\t\t\t\t\t<\/a>\n\t\t\t\t<\/div>\n\t\t\t\t\t\t\t\t<\/div>\n\t\t\t\t<\/div>\n\t\t\t\t<\/div>\n\t\t\t\t\t<\/div>\n\t\t\t\t<\/div>\n\t\t<div class=\"elementor-element elementor-element-6de454f e-flex e-con-boxed e-con e-parent\" data-id=\"6de454f\" data-element_type=\"container\" data-e-type=\"container\">\n\t\t\t\t\t<div class=\"e-con-inner\">\n\t\t\t\t<div class=\"elementor-element elementor-element-a4f2944 elementor-widget elementor-widget-spacer\" data-id=\"a4f2944\" data-element_type=\"widget\" data-e-type=\"widget\" data-widget_type=\"spacer.default\">\n\t\t\t\t<div class=\"elementor-widget-container\">\n\t\t\t\t\t\t\t<div class=\"elementor-spacer\">\n\t\t\t<div class=\"elementor-spacer-inner\"><\/div>\n\t\t<\/div>\n\t\t\t\t\t\t<\/div>\n\t\t\t\t<\/div>\n\t\t\t\t\t<\/div>\n\t\t\t\t<\/div>\n\t\t<div class=\"elementor-element elementor-element-f5e7e3a e-flex e-con-boxed e-con e-parent\" data-id=\"f5e7e3a\" data-element_type=\"container\" data-e-type=\"container\">\n\t\t\t\t\t<div class=\"e-con-inner\">\n\t\t<div class=\"elementor-element elementor-element-9137003 e-con-full e-flex e-con e-child\" data-id=\"9137003\" data-element_type=\"container\" data-e-type=\"container\">\n\t\t\t\t<div class=\"elementor-element elementor-element-6746d30 elementor-widget elementor-widget-text-editor\" data-id=\"6746d30\" data-element_type=\"widget\" data-e-type=\"widget\" data-widget_type=\"text-editor.default\">\n\t\t\t\t<div class=\"elementor-widget-container\">\n\t\t\t\t\t\t\t\t\t<h1>Le Ch\u00e2teau de Bizy<\/h1>\t\t\t\t\t\t\t\t<\/div>\n\t\t\t\t<\/div>\n\t\t\t\t<div class=\"elementor-element elementor-element-df5ef4e elementor-widget elementor-widget-text-editor\" data-id=\"df5ef4e\" data-element_type=\"widget\" data-e-type=\"widget\" data-widget_type=\"text-editor.default\">\n\t\t\t\t<div class=\"elementor-widget-container\">\n\t\t\t\t\t\t\t\t\t<p style=\"text-align: center;\">Nich\u00e9 dans la charmante vall\u00e9e de l&rsquo;Eure, le Ch\u00e2teau de Bizy offre une escapade culturelle et historique unique. Surnomm\u00e9 le \u00ab Versailles normand \u00bb pour ses jardins magnifiques et ses fontaines spectaculaires, ce ch\u00e2teau moins c\u00e9l\u00e8bre m\u00e9rite une place de choix dans l&rsquo;itin\u00e9raire des amateurs d&rsquo;histoire et d&rsquo;architecture.<\/p>\t\t\t\t\t\t\t\t<\/div>\n\t\t\t\t<\/div>\n\t\t\t\t<div class=\"elementor-element elementor-element-1002693 elementor-button-info elementor-align-center elementor-widget elementor-widget-button\" data-id=\"1002693\" data-element_type=\"widget\" data-e-type=\"widget\" data-widget_type=\"button.default\">\n\t\t\t\t<div class=\"elementor-widget-container\">\n\t\t\t\t\t\t\t\t\t<div class=\"elementor-button-wrapper\">\n\t\t\t\t\t<a class=\"elementor-button elementor-button-link elementor-size-sm\" href=\"https:\/\/www.chateaudebizy.com\/\" target=\"_blank\" rel=\"noopener\">\n\t\t\t\t\t\t<span class=\"elementor-button-content-wrapper\">\n\t\t\t\t\t\t\t\t\t<span class=\"elementor-button-text\">En Savoir Plus<\/span>\n\t\t\t\t\t<\/span>\n\t\t\t\t\t<\/a>\n\t\t\t\t<\/div>\n\t\t\t\t\t\t\t\t<\/div>\n\t\t\t\t<\/div>\n\t\t\t\t<div class=\"elementor-element elementor-element-f43627f elementor-widget elementor-widget-spacer\" data-id=\"f43627f\" data-element_type=\"widget\" data-e-type=\"widget\" data-widget_type=\"spacer.default\">\n\t\t\t\t<div class=\"elementor-widget-container\">\n\t\t\t\t\t\t\t<div class=\"elementor-spacer\">\n\t\t\t<div class=\"elementor-spacer-inner\"><\/div>\n\t\t<\/div>\n\t\t\t\t\t\t<\/div>\n\t\t\t\t<\/div>\n\t\t\t\t<\/div>\n\t\t<div class=\"elementor-element elementor-element-7b6f145 e-con-full e-flex e-con e-child\" data-id=\"7b6f145\" data-element_type=\"container\" data-e-type=\"container\">\n\t\t\t\t<div class=\"elementor-element elementor-element-f66164d elementor-widget elementor-widget-spacer\" data-id=\"f66164d\" data-element_type=\"widget\" data-e-type=\"widget\" data-widget_type=\"spacer.default\">\n\t\t\t\t<div class=\"elementor-widget-container\">\n\t\t\t\t\t\t\t<div class=\"elementor-spacer\">\n\t\t\t<div class=\"elementor-spacer-inner\"><\/div>\n\t\t<\/div>\n\t\t\t\t\t\t<\/div>\n\t\t\t\t<\/div>\n\t\t\t\t<div class=\"elementor-element elementor-element-7af0800 elementor-widget elementor-widget-image\" data-id=\"7af0800\" data-element_type=\"widget\" data-e-type=\"widget\" data-widget_type=\"image.default\">\n\t\t\t\t<div class=\"elementor-widget-container\">\n\t\t\t\t\t\t\t\t\t\t\t\t\t\t\t<img loading=\"lazy\" decoding=\"async\" width=\"1024\" height=\"682\" src=\"https:\/\/lapetitemaisondegiverny.com\/wp-content\/uploads\/2024\/01\/chateau-bizy-1024x682.jpg\" class=\"attachment-large size-large wp-image-321\" alt=\"\" srcset=\"https:\/\/lapetitemaisondegiverny.com\/wp-content\/uploads\/2024\/01\/chateau-bizy-1024x682.jpg 1024w, https:\/\/lapetitemaisondegiverny.com\/wp-content\/uploads\/2024\/01\/chateau-bizy-300x200.jpg 300w, https:\/\/lapetitemaisondegiverny.com\/wp-content\/uploads\/2024\/01\/chateau-bizy-768x512.jpg 768w, https:\/\/lapetitemaisondegiverny.com\/wp-content\/uploads\/2024\/01\/chateau-bizy.jpg 1160w\" sizes=\"(max-width: 1024px) 100vw, 1024px\" \/>\t\t\t\t\t\t\t\t\t\t\t\t\t\t\t<\/div>\n\t\t\t\t<\/div>\n\t\t\t\t<\/div>\n\t\t\t\t\t<\/div>\n\t\t\t\t<\/div>\n\t\t\t\t<\/div>\n\t\t","protected":false},"excerpt":{"rendered":"<p>Patrimoine Exceptionnel Giverny \u00e9tant une ville avec un patrimoine exceptionnel , le g\u00eete \u00ab\u00a0La Petite Maison de Giverny\u00a0\u00bb vous propose [&hellip;]<\/p>\n","protected":false},"author":1,"featured_media":0,"parent":0,"menu_order":0,"comment_status":"closed","ping_status":"closed","template":"","meta":{"_uag_custom_page_level_css":"","site-sidebar-layout":"no-sidebar","site-content-layout":"","ast-site-content-layout":"full-width-container","site-content-style":"default","site-sidebar-style":"default","ast-global-header-display":"","ast-banner-title-visibility":"","ast-main-header-display":"","ast-hfb-above-header-display":"","ast-hfb-below-header-display":"","ast-hfb-mobile-header-display":"","site-post-title":"disabled","ast-breadcrumbs-content":"","ast-featured-img":"disabled","footer-sml-layout":"","ast-disable-related-posts":"","theme-transparent-header-meta":"","adv-header-id-meta":"","stick-header-meta":"","header-above-stick-meta":"","header-main-stick-meta":"","header-below-stick-meta":"","astra-migrate-meta-layouts":"default","ast-page-background-enabled":"default","ast-page-background-meta":{"desktop":{"background-color":"var(--ast-global-color-4)","background-image":"","background-repeat":"repeat","background-position":"center center","background-size":"auto","background-attachment":"scroll","background-type":"","background-media":"","overlay-type":"","overlay-color":"","overlay-opacity":"","overlay-gradient":""},"tablet":{"background-color":"","background-image":"","background-repeat":"repeat","background-position":"center center","background-size":"auto","background-attachment":"scroll","background-type":"","background-media":"","overlay-type":"","overlay-color":"","overlay-opacity":"","overlay-gradient":""},"mobile":{"background-color":"","background-image":"","background-repeat":"repeat","background-position":"center center","background-size":"auto","background-attachment":"scroll","background-type":"","background-media":"","overlay-type":"","overlay-color":"","overlay-opacity":"","overlay-gradient":""}},"ast-content-background-meta":{"desktop":{"background-color":"var(--ast-global-color-5)","background-image":"","background-repeat":"repeat","background-position":"center center","background-size":"auto","background-attachment":"scroll","background-type":"","background-media":"","overlay-type":"","overlay-color":"","overlay-opacity":"","overlay-gradient":""},"tablet":{"background-color":"var(--ast-global-color-5)","background-image":"","background-repeat":"repeat","background-position":"center center","background-size":"auto","background-attachment":"scroll","background-type":"","background-media":"","overlay-type":"","overlay-color":"","overlay-opacity":"","overlay-gradient":""},"mobile":{"background-color":"var(--ast-global-color-5)","background-image":"","background-repeat":"repeat","background-position":"center center","background-size":"auto","background-attachment":"scroll","background-type":"","background-media":"","overlay-type":"","overlay-color":"","overlay-opacity":"","overlay-gradient":""}},"footnotes":""},"class_list":["post-142","page","type-page","status-publish","hentry"],"uagb_featured_image_src":{"full":false,"thumbnail":false,"medium":false,"medium_large":false,"large":false,"1536x1536":false,"2048x2048":false},"uagb_author_info":{"display_name":"lapetitemaisondegiverny.com","author_link":"https:\/\/lapetitemaisondegiverny.com\/author\/lapetitemaisondegiverny-com\/"},"uagb_comment_info":0,"uagb_excerpt":"Patrimoine Exceptionnel Giverny \u00e9tant une ville avec un patrimoine exceptionnel , le g\u00eete \u00ab\u00a0La Petite Maison de Giverny\u00a0\u00bb vous propose [&hellip;]","_links":{"self":[{"href":"https:\/\/lapetitemaisondegiverny.com\/index.php\/wp-json\/wp\/v2\/pages\/142","targetHints":{"allow":["GET"]}}],"collection":[{"href":"https:\/\/lapetitemaisondegiverny.com\/index.php\/wp-json\/wp\/v2\/pages"}],"about":[{"href":"https:\/\/lapetitemaisondegiverny.com\/index.php\/wp-json\/wp\/v2\/types\/page"}],"author":[{"embeddable":true,"href":"https:\/\/lapetitemaisondegiverny.com\/index.php\/wp-json\/wp\/v2\/users\/1"}],"replies":[{"embeddable":true,"href":"https:\/\/lapetitemaisondegiverny.com\/index.php\/wp-json\/wp\/v2\/comments?post=142"}],"version-history":[{"count":40,"href":"https:\/\/lapetitemaisondegiverny.com\/index.php\/wp-json\/wp\/v2\/pages\/142\/revisions"}],"predecessor-version":[{"id":851,"href":"https:\/\/lapetitemaisondegiverny.com\/index.php\/wp-json\/wp\/v2\/pages\/142\/revisions\/851"}],"wp:attachment":[{"href":"https:\/\/lapetitemaisondegiverny.com\/index.php\/wp-json\/wp\/v2\/media?parent=142"}],"curies":[{"name":"wp","href":"https:\/\/api.w.org\/{rel}","templated":true}]}}